{"id":8,"date":"2025-09-12T09:48:47","date_gmt":"2025-09-12T09:48:47","guid":{"rendered":"https:\/\/kivitech.si\/?page_id=8"},"modified":"2025-12-05T09:10:32","modified_gmt":"2025-12-05T09:10:32","slug":"domov","status":"publish","type":"page","link":"https:\/\/kivitech.si\/","title":{"rendered":"Domov"},"content":{"rendered":"\n<p><\/p>\n\n\n\n<div class=\"wp-block-uagb-container uagb-block-rxfyzmgd alignfull uagb-is-root-container\"><div class=\"uagb-container-inner-blocks-wrap\">\n<div class=\"wp-block-uagb-info-box uagb-block-f0kbg90k uagb-infobox__content-wrap  uagb-infobox-icon-above-title uagb-infobox-image-valign-top\"><div class=\"uagb-ifb-content\"><div class=\"uagb-ifb-title-wrap\"><h1 class=\"uagb-ifb-title\">Va\u0161a IT podpora \u2013 kjerkoli, kadarkoli.<\/h1><\/div><p class=\"uagb-ifb-desc\"><strong>Naj bo va\u0161a tehnologija va\u0161 zaveznik \u2013 izberite KIVITECH<\/strong><\/p><\/div><\/div>\n\n\n\n<div class=\"wp-block-uagb-container uagb-block-o56bic1q\">\n<div class=\"wp-block-uagb-image alignleft uagb-block-c66impml wp-block-uagb-image--layout-default wp-block-uagb-image--effect-static wp-block-uagb-image--align-left\"><figure class=\"wp-block-uagb-image__figure\"><img decoding=\"async\" srcset=\"https:\/\/kivitech.si\/wp-content\/uploads\/2025\/09\/service-428539_1920.jpg ,https:\/\/kivitech.si\/wp-content\/uploads\/2025\/09\/service-428539_1920.jpg 780w, https:\/\/kivitech.si\/wp-content\/uploads\/2025\/09\/service-428539_1920.jpg 360w\" sizes=\"auto, (max-width: 480px) 150px\" src=\"https:\/\/kivitech.si\/wp-content\/uploads\/2025\/09\/service-428539_1920.jpg\" alt=\"\" class=\"uag-image-46\" width=\"282\" height=\"370\" title=\"service-428539_1920\" loading=\"lazy\" role=\"img\"\/><\/figure><\/div>\n\n\n\n<div class=\"wp-block-uagb-image alignleft uagb-block-dgyrkhdw wp-block-uagb-image--layout-default wp-block-uagb-image--effect-static wp-block-uagb-image--align-left\"><figure class=\"wp-block-uagb-image__figure\"><img decoding=\"async\" srcset=\"https:\/\/kivitech.si\/wp-content\/uploads\/2025\/09\/rabljena_oprema.jpg ,https:\/\/kivitech.si\/wp-content\/uploads\/2025\/09\/rabljena_oprema.jpg 780w, https:\/\/kivitech.si\/wp-content\/uploads\/2025\/09\/rabljena_oprema.jpg 360w\" sizes=\"auto, (max-width: 480px) 150px\" src=\"https:\/\/kivitech.si\/wp-content\/uploads\/2025\/09\/rabljena_oprema.jpg\" alt=\"\" class=\"uag-image-51\" width=\"282\" height=\"420\" title=\"rabljena_oprema\" loading=\"lazy\" role=\"img\"\/><\/figure><\/div>\n\n\n\n<div class=\"wp-block-uagb-image alignleft uagb-block-wn3r47sh wp-block-uagb-image--layout-default wp-block-uagb-image--effect-static wp-block-uagb-image--align-left\"><figure class=\"wp-block-uagb-image__figure\"><img decoding=\"async\" srcset=\"https:\/\/kivitech.si\/wp-content\/uploads\/2025\/09\/server-room.jpg ,https:\/\/kivitech.si\/wp-content\/uploads\/2025\/09\/server-room.jpg 780w, https:\/\/kivitech.si\/wp-content\/uploads\/2025\/09\/server-room.jpg 360w\" sizes=\"auto, (max-width: 480px) 150px\" src=\"https:\/\/kivitech.si\/wp-content\/uploads\/2025\/09\/server-room.jpg\" alt=\"\" class=\"uag-image-48\" width=\"282\" height=\"370\" title=\"server-room\" loading=\"lazy\" role=\"img\"\/><\/figure><\/div>\n\n\n\n<div class=\"wp-block-uagb-image alignleft uagb-block-aqsx6etb wp-block-uagb-image--layout-default wp-block-uagb-image--effect-static wp-block-uagb-image--align-left\"><figure class=\"wp-block-uagb-image__figure\"><img decoding=\"async\" srcset=\"https:\/\/kivitech.si\/wp-content\/uploads\/2025\/09\/podpora.jpg ,https:\/\/kivitech.si\/wp-content\/uploads\/2025\/09\/podpora.jpg 780w, https:\/\/kivitech.si\/wp-content\/uploads\/2025\/09\/podpora.jpg 360w\" sizes=\"auto, (max-width: 480px) 150px\" src=\"https:\/\/kivitech.si\/wp-content\/uploads\/2025\/09\/podpora.jpg\" alt=\"\" class=\"uag-image-50\" width=\"282\" height=\"420\" title=\"podpora\" loading=\"lazy\" role=\"img\"\/><\/figure><\/div>\n<\/div>\n<\/div><\/div>\n\n\n\n<div class=\"wp-block-uagb-container uagb-block-zws9prfv alignfull uagb-is-root-container\"><div class=\"uagb-container-inner-blocks-wrap\">\n<div class=\"wp-block-uagb-info-box uagb-block-nstg6t2m uagb-infobox__content-wrap  uagb-infobox-icon-above-title uagb-infobox-image-valign-top\"><div class=\"uagb-ifb-content\"><div class=\"uagb-ifb-icon-wrap\"><svg xmlns=\"https:\/\/www.w3.org\/2000\/svg\" viewBox=\"0 0 448 512\"><path d=\"M438.6 105.4C451.1 117.9 451.1 138.1 438.6 150.6L182.6 406.6C170.1 419.1 149.9 419.1 137.4 406.6L9.372 278.6C-3.124 266.1-3.124 245.9 9.372 233.4C21.87 220.9 42.13 220.9 54.63 233.4L159.1 338.7L393.4 105.4C405.9 92.88 426.1 92.88 438.6 105.4H438.6z\"><\/path><\/svg><\/div><div class=\"uagb-ifb-title-wrap\"><h3 class=\"uagb-ifb-title\">Servis ra\u010dunalni\u0161ke opreme<\/h3><\/div><p class=\"uagb-ifb-desc\">Ra\u010dunalniki so danes klju\u010dni del na\u0161ega vsakdana uporabljamo jih za delo, u\u010denje, zabavo in komunikacijo.<br>Da delujejo hitro, varno in zanesljivo, jih moramo redno vzdr\u017eevati.<\/p><\/div><\/div>\n\n\n\n<div class=\"wp-block-uagb-info-box uagb-block-xuijtlai uagb-infobox__content-wrap  uagb-infobox-icon-above-title uagb-infobox-image-valign-top\"><div class=\"uagb-ifb-content\"><div class=\"uagb-ifb-icon-wrap\"><svg xmlns=\"https:\/\/www.w3.org\/2000\/svg\" viewBox=\"0 0 448 512\"><path d=\"M438.6 105.4C451.1 117.9 451.1 138.1 438.6 150.6L182.6 406.6C170.1 419.1 149.9 419.1 137.4 406.6L9.372 278.6C-3.124 266.1-3.124 245.9 9.372 233.4C21.87 220.9 42.13 220.9 54.63 233.4L159.1 338.7L393.4 105.4C405.9 92.88 426.1 92.88 438.6 105.4H438.6z\"><\/path><\/svg><\/div><div class=\"uagb-ifb-title-wrap\"><h3 class=\"uagb-ifb-title\">Vzdr\u017eevanje podjetij<\/h3><\/div><p class=\"uagb-ifb-desc\"><br>Z nami dobite proaktiven IT, predvidljive stro\u0161ke ter strokovnjake, ki razumejo va\u0161e poslovne procese in poskrbijo, da tehnologija dela za vas \u2013 ne obratno.<br><strong>Manj te\u017eav, manj izpadov, ve\u010d produktivnosti.<br>Izberite partnerja, ki va\u0161o IT infrastrukturo spremeni v konkuren\u010dno prednost.<\/strong><\/p><\/div><\/div>\n\n\n\n<div class=\"wp-block-uagb-info-box uagb-block-tuxlmsci uagb-infobox__content-wrap  uagb-infobox-icon-above-title uagb-infobox-image-valign-top\"><div class=\"uagb-ifb-content\"><div class=\"uagb-ifb-icon-wrap\"><svg xmlns=\"https:\/\/www.w3.org\/2000\/svg\" viewBox=\"0 0 448 512\"><path d=\"M438.6 105.4C451.1 117.9 451.1 138.1 438.6 150.6L182.6 406.6C170.1 419.1 149.9 419.1 137.4 406.6L9.372 278.6C-3.124 266.1-3.124 245.9 9.372 233.4C21.87 220.9 42.13 220.9 54.63 233.4L159.1 338.7L393.4 105.4C405.9 92.88 426.1 92.88 438.6 105.4H438.6z\"><\/path><\/svg><\/div><div class=\"uagb-ifb-title-wrap\"><h3 class=\"uagb-ifb-title\">Prodaja nove in rabljene ra\u010dunalni\u0161ke opreme<\/h3><\/div><p class=\"uagb-ifb-desc\">Ponujamo vam mo\u017enost nakupa nove ra\u010dunalni\u0161ke opreme in rabljenih prenosnikov ter stacionarnih ra\u010dunalnikov.<\/p><\/div><\/div>\n<\/div><\/div>\n\n\n\n<div class=\"wp-block-uagb-container uagb-block-pptpwiym alignfull uagb-is-root-container\"><div class=\"uagb-container-inner-blocks-wrap\">\n<div class=\"wp-block-uagb-info-box uagb-block-rq7haevk uagb-infobox__content-wrap  uagb-infobox-icon-above-title uagb-infobox-image-valign-top\"><div class=\"uagb-ifb-content\"><div class=\"uagb-ifb-title-wrap\"><h2 class=\"uagb-ifb-title\">Kontakt z nami<\/h2><\/div><p class=\"uagb-ifb-desc\">Kontaktirajte nas, \u010de imate kakr\u0161na koli vpra\u0161anja.<\/p><\/div><\/div>\n\n\n\n<div class=\"wp-block-uagb-container uagb-block-ljpqrtvr\">\n<div class=\"wp-block-uagb-container uagb-block-7wwarhhv\">\n<div class=\"wp-block-uagb-info-box uagb-block-wkwn4rse uagb-infobox__content-wrap  uagb-infobox-icon-left uagb-infobox-left uagb-infobox-stacked-tablet uagb-infobox-image-valign-top\"><div class=\"uagb-ifb-icon-wrap\"><div class=\"uagb-iconbox-icon-wrap uagb-infobox-shape-circle\"><svg xmlns=\"https:\/\/www.w3.org\/2000\/svg\" viewBox=\"0 0 512 512\"><path d=\"M511.2 387l-23.25 100.8c-3.266 14.25-15.79 24.22-30.46 24.22C205.2 512 0 306.8 0 54.5c0-14.66 9.969-27.2 24.22-30.45l100.8-23.25C139.7-2.602 154.7 5.018 160.8 18.92l46.52 108.5c5.438 12.78 1.77 27.67-8.98 36.45L144.5 207.1c33.98 69.22 90.26 125.5 159.5 159.5l44.08-53.8c8.688-10.78 23.69-14.51 36.47-8.975l108.5 46.51C506.1 357.2 514.6 372.4 511.2 387z\"><\/path><\/svg><\/div><\/div><div class=\"uagb-ifb-content\"><div class=\"uagb-ifb-title-wrap\"><p class=\"uagb-ifb-title\">Telefon<\/p><\/div><p class=\"uagb-ifb-desc\">068 647 299<\/p><\/div><\/div>\n<\/div>\n\n\n\n<div class=\"wp-block-uagb-container uagb-block-ziljbsjz\">\n<div class=\"wp-block-uagb-info-box uagb-block-fadh8hud uagb-infobox__content-wrap  uagb-infobox-icon-left uagb-infobox-left uagb-infobox-stacked-tablet uagb-infobox-image-valign-top\"><div class=\"uagb-ifb-icon-wrap\"><div class=\"uagb-iconbox-icon-wrap uagb-infobox-shape-circle\"><svg xmlns=\"https:\/\/www.w3.org\/2000\/svg\" viewBox=\"0 0 512 512\"><path d=\"M464 64C490.5 64 512 85.49 512 112C512 127.1 504.9 141.3 492.8 150.4L275.2 313.6C263.8 322.1 248.2 322.1 236.8 313.6L19.2 150.4C7.113 141.3 0 127.1 0 112C0 85.49 21.49 64 48 64H464zM217.6 339.2C240.4 356.3 271.6 356.3 294.4 339.2L512 176V384C512 419.3 483.3 448 448 448H64C28.65 448 0 419.3 0 384V176L217.6 339.2z\"><\/path><\/svg><\/div><\/div><div class=\"uagb-ifb-content\"><div class=\"uagb-ifb-title-wrap\"><p class=\"uagb-ifb-title\">Email<\/p><\/div><p class=\"uagb-ifb-desc\">info@kivitech.si<\/p><\/div><\/div>\n<\/div>\n<\/div>\n<\/div><\/div>\n\n\n\n<p><\/p>\n","protected":false},"excerpt":{"rendered":"","protected":false},"author":1,"featured_media":0,"parent":0,"menu_order":0,"comment_status":"closed","ping_status":"closed","template":"","meta":{"_uag_custom_page_level_css":"","site-sidebar-layout":"default","site-content-layout":"","ast-site-content-layout":"default","site-content-style":"default","site-sidebar-style":"default","ast-global-header-display":"","ast-banner-title-visibility":"","ast-main-header-display":"","ast-hfb-above-header-display":"","ast-hfb-below-header-display":"","ast-hfb-mobile-header-display":"","site-post-title":"disabled","ast-breadcrumbs-content":"","ast-featured-img":"","footer-sml-layout":"","ast-disable-related-posts":"","theme-transparent-header-meta":"default","adv-header-id-meta":"","stick-header-meta":"","header-above-stick-meta":"","header-main-stick-meta":"","header-below-stick-meta":"","astra-migrate-meta-layouts":"set","ast-page-background-enabled":"default","ast-page-background-meta":{"desktop":{"background-color":"var(--ast-global-color-5)","background-image":"","background-repeat":"repeat","background-position":"center center","background-size":"auto","background-attachment":"scroll","background-type":"","background-media":"","overlay-type":"","overlay-color":"","overlay-opacity":"","overlay-gradient":""},"tablet":{"background-color":"","background-image":"","background-repeat":"repeat","background-position":"center center","background-size":"auto","background-attachment":"scroll","background-type":"","background-media":"","overlay-type":"","overlay-color":"","overlay-opacity":"","overlay-gradient":""},"mobile":{"background-color":"","background-image":"","background-repeat":"repeat","background-position":"center center","background-size":"auto","background-attachment":"scroll","background-type":"","background-media":"","overlay-type":"","overlay-color":"","overlay-opacity":"","overlay-gradient":""}},"ast-content-background-meta":{"desktop":{"background-color":"var(--ast-global-color-4)","background-image":"","background-repeat":"repeat","background-position":"center center","background-size":"auto","background-attachment":"scroll","background-type":"","background-media":"","overlay-type":"","overlay-color":"","overlay-opacity":"","overlay-gradient":""},"tablet":{"background-color":"var(--ast-global-color-4)","background-image":"","background-repeat":"repeat","background-position":"center center","background-size":"auto","background-attachment":"scroll","background-type":"","background-media":"","overlay-type":"","overlay-color":"","overlay-opacity":"","overlay-gradient":""},"mobile":{"background-color":"var(--ast-global-color-4)","background-image":"","background-repeat":"repeat","background-position":"center center","background-size":"auto","background-attachment":"scroll","background-type":"","background-media":"","overlay-type":"","overlay-color":"","overlay-opacity":"","overlay-gradient":""}},"footnotes":""},"class_list":["post-8","page","type-page","status-publish","hentry"],"uagb_featured_image_src":{"full":false,"thumbnail":false,"medium":false,"medium_large":false,"large":false,"1536x1536":false,"2048x2048":false},"uagb_author_info":{"display_name":"admin","author_link":"https:\/\/kivitech.si\/?author=1"},"uagb_comment_info":0,"uagb_excerpt":null,"jetpack_sharing_enabled":true,"_links":{"self":[{"href":"https:\/\/kivitech.si\/index.php?rest_route=\/wp\/v2\/pages\/8","targetHints":{"allow":["GET"]}}],"collection":[{"href":"https:\/\/kivitech.si\/index.php?rest_route=\/wp\/v2\/pages"}],"about":[{"href":"https:\/\/kivitech.si\/index.php?rest_route=\/wp\/v2\/types\/page"}],"author":[{"embeddable":true,"href":"https:\/\/kivitech.si\/index.php?rest_route=\/wp\/v2\/users\/1"}],"replies":[{"embeddable":true,"href":"https:\/\/kivitech.si\/index.php?rest_route=%2Fwp%2Fv2%2Fcomments&post=8"}],"version-history":[{"count":16,"href":"https:\/\/kivitech.si\/index.php?rest_route=\/wp\/v2\/pages\/8\/revisions"}],"predecessor-version":[{"id":143,"href":"https:\/\/kivitech.si\/index.php?rest_route=\/wp\/v2\/pages\/8\/revisions\/143"}],"wp:attachment":[{"href":"https:\/\/kivitech.si\/index.php?rest_route=%2Fwp%2Fv2%2Fmedia&parent=8"}],"curies":[{"name":"wp","href":"https:\/\/api.w.org\/{rel}","templated":true}]}}