{"id":134,"date":"2025-12-05T08:49:22","date_gmt":"2025-12-05T08:49:22","guid":{"rendered":"https:\/\/kivitech.si\/?page_id=134"},"modified":"2025-12-05T08:49:22","modified_gmt":"2025-12-05T08:49:22","slug":"domaci-uporabniki","status":"publish","type":"page","link":"https:\/\/kivitech.si\/?page_id=134","title":{"rendered":"Doma\u010di uporabniki"},"content":{"rendered":"\n<div class=\"wp-block-uagb-container uagb-block-bf77723e alignfull uagb-is-root-container\"><div class=\"uagb-container-inner-blocks-wrap\">\n<div class=\"wp-block-uagb-container uagb-block-3f859cc5\">\n<div class=\"wp-block-uagb-info-box uagb-block-22f337a0 uagb-infobox__content-wrap  uagb-infobox-icon-above-title uagb-infobox-image-valign-top\"><div class=\"uagb-ifb-content\"><div class=\"uagb-ifb-icon-wrap\"><svg xmlns=\"https:\/\/www.w3.org\/2000\/svg\" viewBox=\"0 0 512 512\"><path d=\"M0 256C0 114.6 114.6 0 256 0C397.4 0 512 114.6 512 256C512 397.4 397.4 512 256 512C114.6 512 0 397.4 0 256zM371.8 211.8C382.7 200.9 382.7 183.1 371.8 172.2C360.9 161.3 343.1 161.3 332.2 172.2L224 280.4L179.8 236.2C168.9 225.3 151.1 225.3 140.2 236.2C129.3 247.1 129.3 264.9 140.2 275.8L204.2 339.8C215.1 350.7 232.9 350.7 243.8 339.8L371.8 211.8z\"><\/path><\/svg><\/div><div class=\"uagb-ifb-title-wrap\"><h3 class=\"uagb-ifb-title\">Zakaj izbrati nas<\/h3><\/div><p class=\"uagb-ifb-desc\">I\u0161\u010dete zanesljivo, hitro in brezskrbno delovanje ra\u010dunalnika? <br>Na\u0161a storitev vzdr\u017eevanja poskrbi, da va\u0161 ra\u010dunalnik vedno deluje tako, kot mora \u2013 brez pregrevanja, virusov, upo\u010dasnitev ali neprijetnih presene\u010denj.<br>Z nami pridobite strokovnjake, ki se odzovejo hitro, poskrbijo za popolno varnost podatkov, optimizirajo delovanje sistema in s preventivnimi pregledi prepre\u010dijo drage okvare. Ponujamo prijazen pristop ter re\u0161itve, <br>prilagojene va\u0161im potrebam.<br>Preprosto \u2013 mi poskrbimo za va\u0161 ra\u010dunalnik, vi pa se brezskrbno posvetite svojemu delu.<br><strong>Izberite storitev, ki zagotavlja mir, varnost in zanesljivo delovanje.<\/strong><\/p><\/div><\/div>\n<\/div>\n\n\n\n<div class=\"wp-block-uagb-container uagb-block-5f850219\">\n<div class=\"wp-block-uagb-advanced-heading uagb-block-5fe1042b\"><h2 class=\"uagb-heading-text\">Na\u0161a ponudba:<\/h2><\/div>\n\n\n\n<ul class=\"wp-block-list\">\n<li>svetovanje in prodaja<\/li>\n\n\n\n<li>pomo\u010d po telefonu<\/li>\n\n\n\n<li>pomo\u010d na domu<\/li>\n\n\n\n<li>servis ra\u010dunalni\u0161ke opreme\n<ul class=\"wp-block-list\">\n<li>prenosniki<\/li>\n\n\n\n<li>namizni ra\u010dunalniki<\/li>\n\n\n\n<li>monitorji<\/li>\n\n\n\n<li>tiskalniki<\/li>\n<\/ul>\n<\/li>\n\n\n\n<li>menjava po\u0161kodovanih komponent na prenosnih ra\u010dunalnikih:\n<ul class=\"wp-block-list\">\n<li>po\u0161kodovan zaslon<\/li>\n\n\n\n<li>polita tipkovnica<\/li>\n\n\n\n<li>menjava diska<\/li>\n\n\n\n<li>nadgradnja delovnega pomnilnika (RAM)<\/li>\n<\/ul>\n<\/li>\n\n\n\n<li>priprava nove ra\u010dunalni\u0161ke opreme za uporabo<\/li>\n\n\n\n<li>prenos podatkov s starega na nov ra\u010dunalnik<\/li>\n\n\n\n<li>nadgradnje in vgradnje komponent ra\u010dunalnikov<\/li>\n\n\n\n<li>nastavitve in re\u0161evanje te\u017eav:<\/li>\n<\/ul>\n<\/div>\n<\/div><\/div>\n","protected":false},"excerpt":{"rendered":"<p>Na\u0161a ponudba:<\/p>\n","protected":false},"author":1,"featured_media":0,"parent":0,"menu_order":0,"comment_status":"closed","ping_status":"closed","template":"","meta":{"_uag_custom_page_level_css":"","site-sidebar-layout":"default","site-content-layout":"","ast-site-content-layout":"default","site-content-style":"default","site-sidebar-style":"default","ast-global-header-display":"","ast-banner-title-visibility":"","ast-main-header-display":"","ast-hfb-above-header-display":"","ast-hfb-below-header-display":"","ast-hfb-mobile-header-display":"","site-post-title":"","ast-breadcrumbs-content":"","ast-featured-img":"","footer-sml-layout":"","ast-disable-related-posts":"","theme-transparent-header-meta":"","adv-header-id-meta":"","stick-header-meta":"","header-above-stick-meta":"","header-main-stick-meta":"","header-below-stick-meta":"","astra-migrate-meta-layouts":"default","ast-page-background-enabled":"default","ast-page-background-meta":{"desktop":{"background-color":"var(--ast-global-color-5)","background-image":"","background-repeat":"repeat","background-position":"center center","background-size":"auto","background-attachment":"scroll","background-type":"","background-media":"","overlay-type":"","overlay-color":"","overlay-opacity":"","overlay-gradient":""},"tablet":{"background-color":"","background-image":"","background-repeat":"repeat","background-position":"center center","background-size":"auto","background-attachment":"scroll","background-type":"","background-media":"","overlay-type":"","overlay-color":"","overlay-opacity":"","overlay-gradient":""},"mobile":{"background-color":"","background-image":"","background-repeat":"repeat","background-position":"center center","background-size":"auto","background-attachment":"scroll","background-type":"","background-media":"","overlay-type":"","overlay-color":"","overlay-opacity":"","overlay-gradient":""}},"ast-content-background-meta":{"desktop":{"background-color":"var(--ast-global-color-4)","background-image":"","background-repeat":"repeat","background-position":"center center","background-size":"auto","background-attachment":"scroll","background-type":"","background-media":"","overlay-type":"","overlay-color":"","overlay-opacity":"","overlay-gradient":""},"tablet":{"background-color":"var(--ast-global-color-4)","background-image":"","background-repeat":"repeat","background-position":"center center","background-size":"auto","background-attachment":"scroll","background-type":"","background-media":"","overlay-type":"","overlay-color":"","overlay-opacity":"","overlay-gradient":""},"mobile":{"background-color":"var(--ast-global-color-4)","background-image":"","background-repeat":"repeat","background-position":"center center","background-size":"auto","background-attachment":"scroll","background-type":"","background-media":"","overlay-type":"","overlay-color":"","overlay-opacity":"","overlay-gradient":""}},"footnotes":""},"class_list":["post-134","page","type-page","status-publish","hentry"],"uagb_featured_image_src":{"full":false,"thumbnail":false,"medium":false,"medium_large":false,"large":false,"1536x1536":false,"2048x2048":false},"uagb_author_info":{"display_name":"admin","author_link":"https:\/\/kivitech.si\/?author=1"},"uagb_comment_info":0,"uagb_excerpt":"Na\u0161a ponudba:","jetpack_sharing_enabled":true,"_links":{"self":[{"href":"https:\/\/kivitech.si\/index.php?rest_route=\/wp\/v2\/pages\/134","targetHints":{"allow":["GET"]}}],"collection":[{"href":"https:\/\/kivitech.si\/index.php?rest_route=\/wp\/v2\/pages"}],"about":[{"href":"https:\/\/kivitech.si\/index.php?rest_route=\/wp\/v2\/types\/page"}],"author":[{"embeddable":true,"href":"https:\/\/kivitech.si\/index.php?rest_route=\/wp\/v2\/users\/1"}],"replies":[{"embeddable":true,"href":"https:\/\/kivitech.si\/index.php?rest_route=%2Fwp%2Fv2%2Fcomments&post=134"}],"version-history":[{"count":1,"href":"https:\/\/kivitech.si\/index.php?rest_route=\/wp\/v2\/pages\/134\/revisions"}],"predecessor-version":[{"id":135,"href":"https:\/\/kivitech.si\/index.php?rest_route=\/wp\/v2\/pages\/134\/revisions\/135"}],"wp:attachment":[{"href":"https:\/\/kivitech.si\/index.php?rest_route=%2Fwp%2Fv2%2Fmedia&parent=134"}],"curies":[{"name":"wp","href":"https:\/\/api.w.org\/{rel}","templated":true}]}}